{"id":100,"date":"2026-02-16T00:48:22","date_gmt":"2026-02-15T23:48:22","guid":{"rendered":"https:\/\/vintagegliders.pl\/?page_id=100"},"modified":"2026-02-16T02:17:10","modified_gmt":"2026-02-16T01:17:10","slug":"o-fundacji-2","status":"publish","type":"page","link":"https:\/\/vintagegliders.pl\/en\/o-fundacji-2\/","title":{"rendered":"About the Foundation"},"content":{"rendered":"<div data-elementor-type=\"wp-page\" data-elementor-id=\"100\" class=\"elementor elementor-100\">\n\t\t\t\t<div class=\"elementor-element elementor-element-0059831 e-flex e-con-boxed e-con e-parent\" data-id=\"0059831\" data-element_type=\"container\" data-e-type=\"container\">\n\t\t\t\t\t<div class=\"e-con-inner\">\n\t\t\t\t<div class=\"elementor-element elementor-element-893b9c3 elementor-widget elementor-widget-heading\" data-id=\"893b9c3\" data-element_type=\"widget\" data-e-type=\"widget\" data-widget_type=\"heading.default\">\n\t\t\t\t<div class=\"elementor-widget-container\">\n\t\t\t\t\t<h2 class=\"elementor-heading-title elementor-size-default\">POZNAJ NAS<\/h2>\t\t\t\t<\/div>\n\t\t\t\t<\/div>\n\t\t\t\t\t<\/div>\n\t\t\t\t<\/div>\n\t\t<div class=\"elementor-element elementor-element-2cf7c11 e-flex e-con-boxed e-con e-parent\" data-id=\"2cf7c11\" data-element_type=\"container\" data-e-type=\"container\">\n\t\t\t\t\t<div class=\"e-con-inner\">\n\t\t\t\t<div class=\"elementor-element elementor-element-e110cd6 elementor-widget elementor-widget-heading\" data-id=\"e110cd6\" data-element_type=\"widget\" data-e-type=\"widget\" data-widget_type=\"heading.default\">\n\t\t\t\t<div class=\"elementor-widget-container\">\n\t\t\t\t\t<h2 class=\"elementor-heading-title elementor-size-default\"><span style=\"font-size: 18px;font-weight: 300;text-align: center\">Fundacja Zabytkowe Szybowce zosta\u0142a za\u0142o\u017cona z mi\u0142o\u015bci do lotnictwa i ch\u0119ci zachowania jego historycznego dziedzictwa dla przysz\u0142ych pokole\u0144.<\/span><\/h2>\t\t\t\t<\/div>\n\t\t\t\t<\/div>\n\t\t\t\t\t<\/div>\n\t\t\t\t<\/div>\n\t\t<div class=\"elementor-element elementor-element-c7c6780 e-flex e-con-boxed e-con e-parent\" data-id=\"c7c6780\" data-element_type=\"container\" data-e-type=\"container\">\n\t\t\t\t\t<div class=\"e-con-inner\">\n\t\t<div class=\"elementor-element elementor-element-63c0aae e-con-full e-flex e-con e-child\" data-id=\"63c0aae\" data-element_type=\"container\" data-e-type=\"container\">\n\t\t\t\t<div class=\"elementor-element elementor-element-e03c710 elementor-widget elementor-widget-text-editor\" data-id=\"e03c710\" data-element_type=\"widget\" data-e-type=\"widget\" data-widget_type=\"text-editor.default\">\n\t\t\t\t<div class=\"elementor-widget-container\">\n\t\t\t\t\t\t\t\t\t<p data-source-location=\"pages\/ONas:106:16\" data-dynamic-content=\"false\"><strong>PASJA PRZEKAZYWANA Z POKOLENIA NA POKOLENIE<\/strong><\/p><p data-source-location=\"pages\/ONas:106:16\" data-dynamic-content=\"false\"><strong>Fu<\/strong><b>ndacja Zabytkowe Szybowce<\/b> powsta\u0142a z pasji do szybownictwa i pragnienia zachowania jego bogatej historii. Nasz\u0105 dum\u0105 jest najstarszy lataj\u0105cy szybowiec w Polsce \u2014 Slingsby T21b z 1949 roku.<\/p><p data-source-location=\"pages\/ONas:111:16\" data-dynamic-content=\"false\">Jako o\u015brodek szkolenia lotniczego (DTO-146), \u0142\u0105czymy tradycj\u0119 z nowoczesnymi metodami nauczania. Nasi instruktorzy to do\u015bwiadczeni piloci, kt\u00f3rzy dziel\u0105 si\u0119 swoj\u0105 wiedz\u0105 i pasj\u0105 z kolejnymi pokoleniami.<\/p><p data-source-location=\"pages\/ONas:116:16\" data-dynamic-content=\"false\">Nasza flota sk\u0142ada si\u0119 z trzech wyj\u0105tkowych szybowc\u00f3w: legendarnego Slingsby T21b, kultowego SZD-9 Bocian oraz nowoczesnego Twin Astira. Ka\u017cdy z nich reprezentuje inn\u0105 epok\u0119 w historii konstrukcji szybowcowych.<\/p>\t\t\t\t\t\t\t\t<\/div>\n\t\t\t\t<\/div>\n\t\t\t\t<\/div>\n\t\t<div class=\"elementor-element elementor-element-f4913f2 e-con-full e-flex e-con e-child\" data-id=\"f4913f2\" data-element_type=\"container\" data-e-type=\"container\">\n\t\t\t\t<div class=\"elementor-element elementor-element-d09fbce elementor-widget elementor-widget-image\" data-id=\"d09fbce\" data-element_type=\"widget\" data-e-type=\"widget\" data-widget_type=\"image.default\">\n\t\t\t\t<div class=\"elementor-widget-container\">\n\t\t\t\t\t\t\t\t\t\t\t\t\t\t\t<img fetchpriority=\"high\" decoding=\"async\" width=\"1024\" height=\"766\" src=\"https:\/\/vintagegliders.pl\/wp-content\/uploads\/2026\/02\/470183762_122150953964291045_4444132513729037726_n-1024x766.jpg\" class=\"attachment-large size-large wp-image-107\" alt=\"470183762 122150953964291045 4444132513729037726 N 1024x766\" srcset=\"https:\/\/vintagegliders.pl\/wp-content\/uploads\/2026\/02\/470183762_122150953964291045_4444132513729037726_n-1024x766.jpg 1024w, https:\/\/vintagegliders.pl\/wp-content\/uploads\/2026\/02\/470183762_122150953964291045_4444132513729037726_n-600x449.jpg 600w, https:\/\/vintagegliders.pl\/wp-content\/uploads\/2026\/02\/470183762_122150953964291045_4444132513729037726_n-300x224.jpg 300w, https:\/\/vintagegliders.pl\/wp-content\/uploads\/2026\/02\/470183762_122150953964291045_4444132513729037726_n-768x574.jpg 768w, https:\/\/vintagegliders.pl\/wp-content\/uploads\/2026\/02\/470183762_122150953964291045_4444132513729037726_n-1536x1149.jpg 1536w, https:\/\/vintagegliders.pl\/wp-content\/uploads\/2026\/02\/470183762_122150953964291045_4444132513729037726_n.jpg 1809w\" sizes=\"(max-width: 1024px) 100vw, 1024px\" title=\"About the Foundation\">\t\t\t\t\t\t\t\t\t\t\t\t\t\t\t<\/div>\n\t\t\t\t<\/div>\n\t\t\t\t<\/div>\n\t\t\t\t\t<\/div>\n\t\t\t\t<\/div>\n\t\t\t\t<\/div>","protected":false},"excerpt":{"rendered":"<p>POZNAJ NAS Fundacja Zabytkowe Szybowce zosta\u0142a za\u0142o\u017cona z mi\u0142o\u015bci do lotnictwa i ch\u0119ci zachowania jego historycznego dziedzictwa dla przysz\u0142ych pokole\u0144. PASJA PRZEKAZYWANA Z POKOLENIA NA POKOLENIE Fundacja Zabytkowe Szybowce powsta\u0142a z pasji do szybownictwa i pragnienia zachowania jego bogatej historii. Nasz\u0105 dum\u0105 jest najstarszy lataj\u0105cy szybowiec w Polsce \u2014 Slingsby T21b z 1949 roku. Jako [&hellip;]<\/p>\n","protected":false},"author":1,"featured_media":0,"parent":0,"menu_order":0,"comment_status":"closed","ping_status":"closed","template":"","meta":{"_surecart_dashboard_logo_width":"180px","_surecart_dashboard_show_logo":true,"_surecart_dashboard_navigation_orders":true,"_surecart_dashboard_navigation_invoices":true,"_surecart_dashboard_navigation_subscriptions":true,"_surecart_dashboard_navigation_downloads":true,"_surecart_dashboard_navigation_billing":true,"_surecart_dashboard_navigation_account":true,"_uag_custom_page_level_css":"","site-sidebar-layout":"no-sidebar","site-content-layout":"","ast-site-content-layout":"full-width-container","site-content-style":"default","site-sidebar-style":"default","ast-global-header-display":"","ast-banner-title-visibility":"","ast-main-header-display":"","ast-hfb-above-header-display":"","ast-hfb-below-header-display":"","ast-hfb-mobile-header-display":"","site-post-title":"disabled","ast-breadcrumbs-content":"","ast-featured-img":"disabled","footer-sml-layout":"","ast-disable-related-posts":"","theme-transparent-header-meta":"","adv-header-id-meta":"","stick-header-meta":"","header-above-stick-meta":"","header-main-stick-meta":"","header-below-stick-meta":"","astra-migrate-meta-layouts":"default","ast-page-background-enabled":"default","ast-page-background-meta":{"desktop":{"background-color":"","background-image":"","background-repeat":"repeat","background-position":"center center","background-size":"auto","background-attachment":"scroll","background-type":"","background-media":"","overlay-type":"","overlay-color":"","overlay-opacity":"","overlay-gradient":""},"tablet":{"background-color":"","background-image":"","background-repeat":"repeat","background-position":"center center","background-size":"auto","background-attachment":"scroll","background-type":"","background-media":"","overlay-type":"","overlay-color":"","overlay-opacity":"","overlay-gradient":""},"mobile":{"background-color":"","background-image":"","background-repeat":"repeat","background-position":"center center","background-size":"auto","background-attachment":"scroll","background-type":"","background-media":"","overlay-type":"","overlay-color":"","overlay-opacity":"","overlay-gradient":""}},"ast-content-background-meta":{"desktop":{"background-color":"var(--ast-global-color-5)","background-image":"","background-repeat":"repeat","background-position":"center center","background-size":"auto","background-attachment":"scroll","background-type":"","background-media":"","overlay-type":"","overlay-color":"","overlay-opacity":"","overlay-gradient":""},"tablet":{"background-color":"var(--ast-global-color-5)","background-image":"","background-repeat":"repeat","background-position":"center center","background-size":"auto","background-attachment":"scroll","background-type":"","background-media":"","overlay-type":"","overlay-color":"","overlay-opacity":"","overlay-gradient":""},"mobile":{"background-color":"var(--ast-global-color-5)","background-image":"","background-repeat":"repeat","background-position":"center center","background-size":"auto","background-attachment":"scroll","background-type":"","background-media":"","overlay-type":"","overlay-color":"","overlay-opacity":"","overlay-gradient":""}},"footnotes":""},"class_list":["post-100","page","type-page","status-publish","hentry"],"uagb_featured_image_src":{"full":false,"thumbnail":false,"medium":false,"medium_large":false,"large":false,"1536x1536":false,"2048x2048":false,"trp-custom-language-flag":false,"woocommerce_thumbnail":false,"woocommerce_single":false,"woocommerce_gallery_thumbnail":false},"uagb_author_info":{"display_name":"dto146","author_link":"https:\/\/vintagegliders.pl\/en\/author\/dto146\/"},"uagb_comment_info":0,"uagb_excerpt":"POZNAJ NAS Fundacja Zabytkowe Szybowce zosta\u0142a za\u0142o\u017cona z mi\u0142o\u015bci do lotnictwa i ch\u0119ci zachowania jego historycznego dziedzictwa dla przysz\u0142ych pokole\u0144. PASJA PRZEKAZYWANA Z POKOLENIA NA POKOLENIE Fundacja Zabytkowe Szybowce powsta\u0142a z pasji do szybownictwa i pragnienia zachowania jego bogatej historii. Nasz\u0105 dum\u0105 jest najstarszy lataj\u0105cy szybowiec w Polsce \u2014 Slingsby T21b z 1949 roku. Jako&hellip;","_links":{"self":[{"href":"https:\/\/vintagegliders.pl\/en\/wp-json\/wp\/v2\/pages\/100","targetHints":{"allow":["GET"]}}],"collection":[{"href":"https:\/\/vintagegliders.pl\/en\/wp-json\/wp\/v2\/pages"}],"about":[{"href":"https:\/\/vintagegliders.pl\/en\/wp-json\/wp\/v2\/types\/page"}],"author":[{"embeddable":true,"href":"https:\/\/vintagegliders.pl\/en\/wp-json\/wp\/v2\/users\/1"}],"replies":[{"embeddable":true,"href":"https:\/\/vintagegliders.pl\/en\/wp-json\/wp\/v2\/comments?post=100"}],"version-history":[{"count":18,"href":"https:\/\/vintagegliders.pl\/en\/wp-json\/wp\/v2\/pages\/100\/revisions"}],"predecessor-version":[{"id":235,"href":"https:\/\/vintagegliders.pl\/en\/wp-json\/wp\/v2\/pages\/100\/revisions\/235"}],"wp:attachment":[{"href":"https:\/\/vintagegliders.pl\/en\/wp-json\/wp\/v2\/media?parent=100"}],"curies":[{"name":"wp","href":"https:\/\/api.w.org\/{rel}","templated":true}]}}