{"id":272,"date":"2026-02-17T17:26:14","date_gmt":"2026-02-17T16:26:14","guid":{"rendered":"https:\/\/vintagegliders.pl\/?page_id=272"},"modified":"2026-02-20T21:35:17","modified_gmt":"2026-02-20T20:35:17","slug":"about-us","status":"publish","type":"page","link":"https:\/\/vintagegliders.pl\/en\/about-us\/","title":{"rendered":"About the Foundation"},"content":{"rendered":"<div data-elementor-type=\"wp-page\" data-elementor-id=\"272\" class=\"elementor elementor-272\">\n\t\t\t\t<div class=\"elementor-element elementor-element-1e3ff744 e-flex e-con-boxed e-con e-parent\" data-id=\"1e3ff744\" data-element_type=\"container\" data-e-type=\"container\">\n\t\t\t\t\t<div class=\"e-con-inner\">\n\t\t<div class=\"elementor-element elementor-element-d0f3bd8 e-con-full e-flex e-con e-child\" data-id=\"d0f3bd8\" data-element_type=\"container\" data-e-type=\"container\">\n\t\t\t\t<div class=\"elementor-element elementor-element-4fd5a7b elementor-widget elementor-widget-image\" data-id=\"4fd5a7b\" data-element_type=\"widget\" data-e-type=\"widget\" data-widget_type=\"image.default\">\n\t\t\t\t<div class=\"elementor-widget-container\">\n\t\t\t\t\t\t\t\t\t\t\t\t\t\t\t<img fetchpriority=\"high\" decoding=\"async\" width=\"1024\" height=\"576\" src=\"https:\/\/vintagegliders.pl\/wp-content\/uploads\/2026\/02\/dron-nad-kings-party-pod-hangarem-1-1024x576.jpg\" class=\"attachment-large size-large wp-image-152\" alt=\"Dron Nad Kings Party Pod Hangarem 1 1024x576\" srcset=\"https:\/\/vintagegliders.pl\/wp-content\/uploads\/2026\/02\/dron-nad-kings-party-pod-hangarem-1-1024x576.jpg 1024w, https:\/\/vintagegliders.pl\/wp-content\/uploads\/2026\/02\/dron-nad-kings-party-pod-hangarem-1-600x338.jpg 600w, https:\/\/vintagegliders.pl\/wp-content\/uploads\/2026\/02\/dron-nad-kings-party-pod-hangarem-1-300x169.jpg 300w, https:\/\/vintagegliders.pl\/wp-content\/uploads\/2026\/02\/dron-nad-kings-party-pod-hangarem-1-768x432.jpg 768w, https:\/\/vintagegliders.pl\/wp-content\/uploads\/2026\/02\/dron-nad-kings-party-pod-hangarem-1-1536x864.jpg 1536w, https:\/\/vintagegliders.pl\/wp-content\/uploads\/2026\/02\/dron-nad-kings-party-pod-hangarem-1.jpg 2048w\" sizes=\"(max-width: 1024px) 100vw, 1024px\" title=\"About the Foundation\">\t\t\t\t\t\t\t\t\t\t\t\t\t\t\t<\/div>\n\t\t\t\t<\/div>\n\t\t\t\t<\/div>\n\t\t\t\t<div class=\"elementor-element elementor-element-55652dda elementor-widget elementor-widget-text-editor\" data-id=\"55652dda\" data-element_type=\"widget\" data-e-type=\"widget\" data-widget_type=\"text-editor.default\">\n\t\t\t\t<div class=\"elementor-widget-container\">\n\t\t\t\t\t\t\t\t\t<p>\u00a0<\/p><h2>About the Foundation<\/h2><p><strong>Fundacja Zabytkowe Szybowce<\/strong> powsta\u0142a z mi\u0142o\u015bci do lotnictwa oraz potrzeby zachowania jego historycznego dziedzictwa dla przysz\u0142ych pokole\u0144. Wierzymy, \u017ce tradycja szybownictwa to nie tylko eksponaty i wspomnienia, lecz \u017cywa opowie\u015b\u0107 o odwadze, pasji, wsp\u00f3\u0142pracy i przekraczaniu granic.<\/p><p><strong>Fundacja Vintage Gliders<\/strong> to miejsce, w kt\u00f3rym historia polskiego szybownictwa spotyka si\u0119 z wyzwaniami XXI wieku. \u0141\u0105czymy szacunek do pionier\u00f3w lotnictwa z nowoczesnym podej\u015bciem do szkolenia, edukacji i technologii.<\/p><p>Jako <strong>o\u015brodek szkolenia szybowcowego DTO-146<\/strong> prowadzimy profesjonalne szkolenia pilot\u00f3w zgodnie z europejskimi standardami bezpiecze\u0144stwa, jednocze\u015bnie rozwijaj\u0105c programy edukacyjne skierowane do dzieci i m\u0142odzie\u017cy. Naszym celem jest nie tylko nauczy\u0107 latania, ale przede wszystkim inspirowa\u0107 do rozwoju i pokazywa\u0107, \u017ce ambitne cele s\u0105 w zasi\u0119gu r\u0119ki.<\/p><hr \/><h2>Tradycja, kt\u00f3ra buduje przysz\u0142o\u015b\u0107<\/h2><p>Zabytkowe szybowce s\u0105 dla nas symbolem \u2014 przypominaj\u0105 o czasach, gdy lotnictwo rozwija\u0142o si\u0119 dzi\u0119ki determinacji i pomys\u0142owo\u015bci ludzi, kt\u00f3rzy nie bali si\u0119 marzy\u0107. Dzi\u015b chcemy przekazywa\u0107 te warto\u015bci kolejnym pokoleniom.<\/p><p>Piel\u0119gnuj\u0105c dziedzictwo szybownictwa, pokazujemy jednocze\u015bnie, \u017ce historia mo\u017ce by\u0107 fundamentem nowoczesnej edukacji. Klasyczne konstrukcje ucz\u0105 szacunku do fizyki lotu, natury i pracy ludzkich r\u0105k, a wsp\u00f3\u0142czesne technologie otwieraj\u0105 nowe mo\u017cliwo\u015bci rozwoju.<\/p><hr \/><h2>Lotnictwo jako narz\u0119dzie edukacji<\/h2><p>Wierzymy, \u017ce lotnictwo jest jedn\u0105 z najbardziej kompleksowych form kszta\u0142cenia m\u0142odego cz\u0142owieka. \u0141\u0105czy wiedz\u0119 z zakresu nauk \u015bcis\u0142ych, umiej\u0119tno\u015bci techniczne, kompetencje spo\u0142eczne oraz odpowiedzialno\u015b\u0107 za siebie i innych.<\/p><p>Podczas dzia\u0142alno\u015bci fundacji uczestnicy ucz\u0105 si\u0119 mi\u0119dzy innymi:<\/p><ul><li><p>my\u015blenia analitycznego i rozwi\u0105zywania problem\u00f3w<\/p><\/li><li><p>pracy zespo\u0142owej i komunikacji<\/p><\/li><li><p>samodyscypliny oraz planowania dzia\u0142a\u0144<\/p><\/li><li><p>podejmowania decyzji pod presj\u0105 czasu<\/p><\/li><li><p>odpowiedzialno\u015bci za powierzony sprz\u0119t i innych ludzi<\/p><\/li><li><p>szacunku do zasad bezpiecze\u0144stwa<\/p><\/li><\/ul><p>To kompetencje, kt\u00f3re pozostaj\u0105 na ca\u0142e \u017cycie, niezale\u017cnie od wybranej drogi zawodowej.<\/p><hr \/><h2>Edukacja poza systemem szkolnym<\/h2><p>Nasze programy skierowane s\u0105 szczeg\u00f3lnie do m\u0142odzie\u017cy poszukuj\u0105cej ambitnych wyzwa\u0144 i praktycznych do\u015bwiadcze\u0144. Tworzymy przestrze\u0144, w kt\u00f3rej nauka odbywa si\u0119 poprzez dzia\u0142anie, wsp\u00f3\u0142prac\u0119 i kontakt z realnym \u015bwiatem techniki.<\/p><p>Organizujemy mi\u0119dzy innymi:<\/p><ul><li><p>szkolenia szybowcowe i zaj\u0119cia wprowadzaj\u0105ce do lotnictwa<\/p><\/li><li><p>warsztaty budowy i programowania dron\u00f3w<\/p><\/li><li><p>zaj\u0119cia z podstaw aerodynamiki i nawigacji<\/p><\/li><li><p>projekty techniczne i in\u017cynierskie<\/p><\/li><li><p>dzia\u0142ania integruj\u0105ce m\u0142odzie\u017c wok\u00f3\u0142 wsp\u00f3lnych cel\u00f3w<\/p><\/li><\/ul><p>To edukacja, kt\u00f3ra rozwija nie tylko wiedz\u0119, ale tak\u017ce charakter.<\/p><hr \/><h2>\u015arodowisko, kt\u00f3re inspiruje<\/h2><p>Fundacja Vintage Gliders to co\u015b wi\u0119cej ni\u017c miejsce szkolenia \u2014 to spo\u0142eczno\u015b\u0107 ludzi po\u0142\u0105czonych pasj\u0105 do latania i ch\u0119ci\u0105 dzia\u0142ania na rzecz innych. M\u0142odzi uczestnicy trafiaj\u0105 do \u015brodowiska opartego na wsp\u00f3\u0142pracy, wzajemnym wsparciu i odpowiedzialno\u015bci.<\/p><p>Tworzymy warunki, w kt\u00f3rych m\u0142ody cz\u0142owiek mo\u017ce:<\/p><ul><li><p>odkry\u0107 w\u0142asny potencja\u0142<\/p><\/li><li><p>do\u015bwiadczy\u0107 sprawczo\u015bci<\/p><\/li><li><p>zbudowa\u0107 pewno\u015b\u0107 siebie<\/p><\/li><li><p>nauczy\u0107 si\u0119 wytrwa\u0142o\u015bci<\/p><\/li><li><p>znale\u017a\u0107 inspiruj\u0105cych mentor\u00f3w<\/p><\/li><li><p>zobaczy\u0107, \u017ce wysi\u0142ek prowadzi do realnych rezultat\u00f3w<\/p><\/li><\/ul><hr \/><h2>Dlaczego istniejemy<\/h2><p>Wsp\u00f3\u0142czesny \u015bwiat oferuje m\u0142odym ludziom wiele mo\u017cliwo\u015bci, ale jednocze\u015bnie stawia przed nimi liczne wyzwania. Coraz trudniej o przestrze\u0144 do rozwijania pasji, podejmowania odpowiedzialno\u015bci i zdobywania do\u015bwiadcze\u0144 w realnym \u015bwiecie.<\/p><p>Chcemy t\u0119 przestrze\u0144 tworzy\u0107 \u2014 bezpieczn\u0105, inspiruj\u0105c\u0105 i otwart\u0105.<\/p><p>Wierzymy, \u017ce dost\u0119p do ambitnej edukacji, technologii i \u015brodowiska wspieraj\u0105cego rozw\u00f3j nie powinien by\u0107 przywilejem, lecz szans\u0105 dla ka\u017cdego, kto chce si\u0119 rozwija\u0107.<\/p><hr \/><h2>Fundamentem jest historia. Kierunkiem \u2014 przysz\u0142o\u015b\u0107.<\/h2><p>Nasza dzia\u0142alno\u015b\u0107 opiera si\u0119 na przekonaniu, \u017ce tradycja i nowoczesno\u015b\u0107 nie stoj\u0105 w sprzeczno\u015bci. Przeciwnie \u2014 razem tworz\u0105 solidn\u0105 podstaw\u0119 do budowania odpowiedzialnego i \u015bwiadomego spo\u0142ecze\u0144stwa.<\/p><p>Lotnictwo uczy pokory wobec natury, zaufania do wiedzy i odwagi w dzia\u0142aniu. To warto\u015bci, kt\u00f3re chcemy przekazywa\u0107 dalej.<\/p>\t\t\t\t\t\t\t\t<\/div>\n\t\t\t\t<\/div>\n\t\t\t\t\t<\/div>\n\t\t\t\t<\/div>\n\t\t<div class=\"elementor-element elementor-element-4693234 e-flex e-con-boxed e-con e-parent\" data-id=\"4693234\" data-element_type=\"container\" data-e-type=\"container\">\n\t\t\t\t\t<div class=\"e-con-inner\">\n\t\t<div class=\"elementor-element elementor-element-7fd1702 e-con-full e-flex e-con e-child\" data-id=\"7fd1702\" data-element_type=\"container\" data-e-type=\"container\">\n\t\t\t\t<div class=\"elementor-element elementor-element-9bc4be3 elementor-widget elementor-widget-image\" data-id=\"9bc4be3\" data-element_type=\"widget\" data-e-type=\"widget\" data-widget_type=\"image.default\">\n\t\t\t\t<div class=\"elementor-widget-container\">\n\t\t\t\t\t\t\t\t\t\t\t\t\t\t\t<img decoding=\"async\" width=\"1024\" height=\"768\" src=\"https:\/\/vintagegliders.pl\/wp-content\/uploads\/2026\/02\/569324093_122194668146291045_6403895320884289106_n-1-1024x768.jpg\" class=\"attachment-large size-large wp-image-578\" alt=\"569324093 122194668146291045 6403895320884289106 n\" srcset=\"https:\/\/vintagegliders.pl\/wp-content\/uploads\/2026\/02\/569324093_122194668146291045_6403895320884289106_n-1-1024x768.jpg 1024w, https:\/\/vintagegliders.pl\/wp-content\/uploads\/2026\/02\/569324093_122194668146291045_6403895320884289106_n-1-300x225.jpg 300w, https:\/\/vintagegliders.pl\/wp-content\/uploads\/2026\/02\/569324093_122194668146291045_6403895320884289106_n-1-768x576.jpg 768w, https:\/\/vintagegliders.pl\/wp-content\/uploads\/2026\/02\/569324093_122194668146291045_6403895320884289106_n-1-1536x1152.jpg 1536w, https:\/\/vintagegliders.pl\/wp-content\/uploads\/2026\/02\/569324093_122194668146291045_6403895320884289106_n-1-600x450.jpg 600w, https:\/\/vintagegliders.pl\/wp-content\/uploads\/2026\/02\/569324093_122194668146291045_6403895320884289106_n-1.jpg 2048w\" sizes=\"(max-width: 1024px) 100vw, 1024px\" title=\"About the Foundation\">\t\t\t\t\t\t\t\t\t\t\t\t\t\t\t<\/div>\n\t\t\t\t<\/div>\n\t\t\t\t<div class=\"elementor-element elementor-element-462c896 elementor-widget elementor-widget-image\" data-id=\"462c896\" data-element_type=\"widget\" data-e-type=\"widget\" data-widget_type=\"image.default\">\n\t\t\t\t<div class=\"elementor-widget-container\">\n\t\t\t\t\t\t\t\t\t\t\t\t\t\t\t<img decoding=\"async\" width=\"1024\" height=\"766\" src=\"https:\/\/vintagegliders.pl\/wp-content\/uploads\/2026\/02\/470183762_122150953964291045_4444132513729037726_n-1-1024x766.jpg\" class=\"attachment-large size-large wp-image-499\" alt=\"470183762 122150953964291045 4444132513729037726 n\" srcset=\"https:\/\/vintagegliders.pl\/wp-content\/uploads\/2026\/02\/470183762_122150953964291045_4444132513729037726_n-1-1024x766.jpg 1024w, https:\/\/vintagegliders.pl\/wp-content\/uploads\/2026\/02\/470183762_122150953964291045_4444132513729037726_n-1-600x449.jpg 600w, https:\/\/vintagegliders.pl\/wp-content\/uploads\/2026\/02\/470183762_122150953964291045_4444132513729037726_n-1-300x224.jpg 300w, https:\/\/vintagegliders.pl\/wp-content\/uploads\/2026\/02\/470183762_122150953964291045_4444132513729037726_n-1-768x574.jpg 768w, https:\/\/vintagegliders.pl\/wp-content\/uploads\/2026\/02\/470183762_122150953964291045_4444132513729037726_n-1-1536x1149.jpg 1536w, https:\/\/vintagegliders.pl\/wp-content\/uploads\/2026\/02\/470183762_122150953964291045_4444132513729037726_n-1.jpg 1809w\" sizes=\"(max-width: 1024px) 100vw, 1024px\" title=\"About the Foundation\">\t\t\t\t\t\t\t\t\t\t\t\t\t\t\t<\/div>\n\t\t\t\t<\/div>\n\t\t\t\t<\/div>\n\t\t<div class=\"elementor-element elementor-element-b998bcf e-con-full e-flex e-con e-child\" data-id=\"b998bcf\" data-element_type=\"container\" data-e-type=\"container\">\n\t\t\t\t<div class=\"elementor-element elementor-element-29fed2e elementor-widget elementor-widget-image\" data-id=\"29fed2e\" data-element_type=\"widget\" data-e-type=\"widget\" data-widget_type=\"image.default\">\n\t\t\t\t<div class=\"elementor-widget-container\">\n\t\t\t\t\t\t\t\t\t\t\t\t\t\t\t<img loading=\"lazy\" decoding=\"async\" width=\"1145\" height=\"2048\" src=\"https:\/\/vintagegliders.pl\/wp-content\/uploads\/2026\/02\/571025347_122194668182291045_7133627946979469785_n.jpg\" class=\"attachment-2048x2048 size-2048x2048 wp-image-131\" alt=\"571025347 122194668182291045 7133627946979469785 N\" srcset=\"https:\/\/vintagegliders.pl\/wp-content\/uploads\/2026\/02\/571025347_122194668182291045_7133627946979469785_n.jpg 1145w, https:\/\/vintagegliders.pl\/wp-content\/uploads\/2026\/02\/571025347_122194668182291045_7133627946979469785_n-600x1073.jpg 600w, https:\/\/vintagegliders.pl\/wp-content\/uploads\/2026\/02\/571025347_122194668182291045_7133627946979469785_n-168x300.jpg 168w, https:\/\/vintagegliders.pl\/wp-content\/uploads\/2026\/02\/571025347_122194668182291045_7133627946979469785_n-573x1024.jpg 573w, https:\/\/vintagegliders.pl\/wp-content\/uploads\/2026\/02\/571025347_122194668182291045_7133627946979469785_n-768x1374.jpg 768w, https:\/\/vintagegliders.pl\/wp-content\/uploads\/2026\/02\/571025347_122194668182291045_7133627946979469785_n-859x1536.jpg 859w\" sizes=\"(max-width: 1145px) 100vw, 1145px\" title=\"About the Foundation\">\t\t\t\t\t\t\t\t\t\t\t\t\t\t\t<\/div>\n\t\t\t\t<\/div>\n\t\t\t\t<\/div>\n\t\t\t\t\t<\/div>\n\t\t\t\t<\/div>\n\t\t\t\t<\/div>","protected":false},"excerpt":{"rendered":"<p>\u00a0 O Fundacji Fundacja Zabytkowe Szybowce powsta\u0142a z mi\u0142o\u015bci do lotnictwa oraz potrzeby zachowania jego historycznego dziedzictwa dla przysz\u0142ych pokole\u0144. Wierzymy, \u017ce tradycja szybownictwa to nie tylko eksponaty i wspomnienia, lecz \u017cywa opowie\u015b\u0107 o odwadze, pasji, wsp\u00f3\u0142pracy i przekraczaniu granic. Fundacja Vintage Gliders to miejsce, w kt\u00f3rym historia polskiego szybownictwa spotyka si\u0119 z wyzwaniami XXI [&hellip;]<\/p>\n","protected":false},"author":1,"featured_media":0,"parent":0,"menu_order":0,"comment_status":"closed","ping_status":"closed","template":"","meta":{"_surecart_dashboard_logo_width":"180px","_surecart_dashboard_show_logo":true,"_surecart_dashboard_navigation_orders":true,"_surecart_dashboard_navigation_invoices":true,"_surecart_dashboard_navigation_subscriptions":true,"_surecart_dashboard_navigation_downloads":true,"_surecart_dashboard_navigation_billing":true,"_surecart_dashboard_navigation_account":true,"_uag_custom_page_level_css":"","site-sidebar-layout":"no-sidebar","site-content-layout":"page-builder","ast-site-content-layout":"full-width-container","site-content-style":"unboxed","site-sidebar-style":"unboxed","ast-global-header-display":"","ast-banner-title-visibility":"","ast-main-header-display":"","ast-hfb-above-header-display":"","ast-hfb-below-header-display":"","ast-hfb-mobile-header-display":"","site-post-title":"disabled","ast-breadcrumbs-content":"","ast-featured-img":"disabled","footer-sml-layout":"","ast-disable-related-posts":"","theme-transparent-header-meta":"default","adv-header-id-meta":"","stick-header-meta":"","header-above-stick-meta":"","header-main-stick-meta":"","header-below-stick-meta":"","astra-migrate-meta-layouts":"set","ast-page-background-enabled":"default","ast-page-background-meta":{"desktop":{"background-color":"","background-image":"","background-repeat":"repeat","background-position":"center center","background-size":"auto","background-attachment":"scroll","background-type":"","background-media":"","overlay-type":"","overlay-color":"","overlay-opacity":"","overlay-gradient":""},"tablet":{"background-color":"","background-image":"","background-repeat":"repeat","background-position":"center center","background-size":"auto","background-attachment":"scroll","background-type":"","background-media":"","overlay-type":"","overlay-color":"","overlay-opacity":"","overlay-gradient":""},"mobile":{"background-color":"","background-image":"","background-repeat":"repeat","background-position":"center center","background-size":"auto","background-attachment":"scroll","background-type":"","background-media":"","overlay-type":"","overlay-color":"","overlay-opacity":"","overlay-gradient":""}},"ast-content-background-meta":{"desktop":{"background-color":"var(--ast-global-color-5)","background-image":"","background-repeat":"repeat","background-position":"center center","background-size":"auto","background-attachment":"scroll","background-type":"","background-media":"","overlay-type":"","overlay-color":"","overlay-opacity":"","overlay-gradient":""},"tablet":{"background-color":"var(--ast-global-color-5)","background-image":"","background-repeat":"repeat","background-position":"center center","background-size":"auto","background-attachment":"scroll","background-type":"","background-media":"","overlay-type":"","overlay-color":"","overlay-opacity":"","overlay-gradient":""},"mobile":{"background-color":"var(--ast-global-color-5)","background-image":"","background-repeat":"repeat","background-position":"center center","background-size":"auto","background-attachment":"scroll","background-type":"","background-media":"","overlay-type":"","overlay-color":"","overlay-opacity":"","overlay-gradient":""}},"footnotes":""},"class_list":["post-272","page","type-page","status-publish","hentry"],"uagb_featured_image_src":{"full":false,"thumbnail":false,"medium":false,"medium_large":false,"large":false,"1536x1536":false,"2048x2048":false,"trp-custom-language-flag":false,"woocommerce_thumbnail":false,"woocommerce_single":false,"woocommerce_gallery_thumbnail":false},"uagb_author_info":{"display_name":"dto146","author_link":"https:\/\/vintagegliders.pl\/en\/author\/dto146\/"},"uagb_comment_info":0,"uagb_excerpt":"\u00a0 O Fundacji Fundacja Zabytkowe Szybowce powsta\u0142a z mi\u0142o\u015bci do lotnictwa oraz potrzeby zachowania jego historycznego dziedzictwa dla przysz\u0142ych pokole\u0144. Wierzymy, \u017ce tradycja szybownictwa to nie tylko eksponaty i wspomnienia, lecz \u017cywa opowie\u015b\u0107 o odwadze, pasji, wsp\u00f3\u0142pracy i przekraczaniu granic. Fundacja Vintage Gliders to miejsce, w kt\u00f3rym historia polskiego szybownictwa spotyka si\u0119 z wyzwaniami XXI&hellip;","_links":{"self":[{"href":"https:\/\/vintagegliders.pl\/en\/wp-json\/wp\/v2\/pages\/272","targetHints":{"allow":["GET"]}}],"collection":[{"href":"https:\/\/vintagegliders.pl\/en\/wp-json\/wp\/v2\/pages"}],"about":[{"href":"https:\/\/vintagegliders.pl\/en\/wp-json\/wp\/v2\/types\/page"}],"author":[{"embeddable":true,"href":"https:\/\/vintagegliders.pl\/en\/wp-json\/wp\/v2\/users\/1"}],"replies":[{"embeddable":true,"href":"https:\/\/vintagegliders.pl\/en\/wp-json\/wp\/v2\/comments?post=272"}],"version-history":[{"count":18,"href":"https:\/\/vintagegliders.pl\/en\/wp-json\/wp\/v2\/pages\/272\/revisions"}],"predecessor-version":[{"id":611,"href":"https:\/\/vintagegliders.pl\/en\/wp-json\/wp\/v2\/pages\/272\/revisions\/611"}],"wp:attachment":[{"href":"https:\/\/vintagegliders.pl\/en\/wp-json\/wp\/v2\/media?parent=272"}],"curies":[{"name":"wp","href":"https:\/\/api.w.org\/{rel}","templated":true}]}}