{"id":273,"date":"2026-02-17T17:26:14","date_gmt":"2026-02-17T16:26:14","guid":{"rendered":"https:\/\/vintagegliders.pl\/?page_id=273"},"modified":"2026-02-18T12:56:54","modified_gmt":"2026-02-18T11:56:54","slug":"contact-us","status":"publish","type":"page","link":"https:\/\/vintagegliders.pl\/en\/contact-us\/","title":{"rendered":"Contact"},"content":{"rendered":"<div data-elementor-type=\"wp-page\" data-elementor-id=\"273\" class=\"elementor elementor-273\">\n\t\t\t\t<div class=\"elementor-element elementor-element-4568b381 e-flex e-con-boxed e-con e-parent\" data-id=\"4568b381\" data-element_type=\"container\" data-e-type=\"container\">\n\t\t\t\t\t<div class=\"e-con-inner\">\n\t\t<div class=\"elementor-element elementor-element-65039a5 e-con-full e-flex e-con e-child\" data-id=\"65039a5\" data-element_type=\"container\" data-e-type=\"container\">\n\t\t<div class=\"elementor-element elementor-element-7958b73 e-con-full e-flex e-con e-child\" data-id=\"7958b73\" data-element_type=\"container\" data-e-type=\"container\">\n\t\t\t\t<div class=\"elementor-element elementor-element-2d952a6 elementor-widget elementor-widget-heading\" data-id=\"2d952a6\" data-element_type=\"widget\" data-e-type=\"widget\" data-widget_type=\"heading.default\">\n\t\t\t\t<div class=\"elementor-widget-container\">\n\t\t\t\t\t<h2 class=\"elementor-heading-title elementor-size-default\">Dane do korespondencji:<\/h2>\t\t\t\t<\/div>\n\t\t\t\t<\/div>\n\t\t\t\t<\/div>\n\t\t\t\t<div class=\"elementor-element elementor-element-42996f5 elementor-widget elementor-widget-text-editor\" data-id=\"42996f5\" data-element_type=\"widget\" data-e-type=\"widget\" data-widget_type=\"text-editor.default\">\n\t\t\t\t<div class=\"elementor-widget-container\">\n\t\t\t\t\t\t\t\t\t<p><strong>Fundacja Zabytkowe Szybowce &#8222;Vintage Gliders&#8221;<\/strong><\/p><p>ul. Morelowa 1<br \/>64-920 Pi\u0142a<br \/>Polska<\/p><p>NIP: 7642725412<br \/>REGON: 541599475<br \/>KRS: 0001170555<\/p><p>Rachunek bankowy Fundacji:<br \/>PL 31 1090 1320 0000 0001 6239 7979<\/p>\t\t\t\t\t\t\t\t<\/div>\n\t\t\t\t<\/div>\n\t\t\t\t<\/div>\n\t\t<div class=\"elementor-element elementor-element-f1e8854 e-con-full e-flex e-con e-child\" data-id=\"f1e8854\" data-element_type=\"container\" data-e-type=\"container\">\n\t\t\t\t<div class=\"elementor-element elementor-element-0f50408 elementor-widget elementor-widget-google_maps\" data-id=\"0f50408\" data-element_type=\"widget\" data-e-type=\"widget\" data-widget_type=\"google_maps.default\">\n\t\t\t\t<div class=\"elementor-widget-container\">\n\t\t\t\t\t\t\t<div class=\"elementor-custom-embed\">\n\t\t\t<iframe loading=\"lazy\"\n\t\t\t\t\tsrc=\"https:\/\/maps.google.com\/maps?q=Zabytkowe%20Szybowce%2C%20Pi%C5%82a&#038;t=m&#038;z=12&#038;output=embed&#038;iwloc=near\"\n\t\t\t\t\ttitle=\"Zabytkowe Szybowce, Pi\u0142a\"\n\t\t\t\t\taria-label=\"Zabytkowe Szybowce, Pi\u0142a\"\n\t\t\t><\/iframe>\n\t\t<\/div>\n\t\t\t\t\t\t<\/div>\n\t\t\t\t<\/div>\n\t\t\t\t<\/div>\n\t\t<div class=\"elementor-element elementor-element-4eb365d e-con-full e-flex e-con e-child\" data-id=\"4eb365d\" data-element_type=\"container\" data-e-type=\"container\">\n\t\t\t\t<div class=\"elementor-element elementor-element-6abeab8 elementor-widget elementor-widget-heading\" data-id=\"6abeab8\" data-element_type=\"widget\" data-e-type=\"widget\" data-widget_type=\"heading.default\">\n\t\t\t\t<div class=\"elementor-widget-container\">\n\t\t\t\t\t<h2 class=\"elementor-heading-title elementor-size-default\">How to find us<\/h2>\t\t\t\t<\/div>\n\t\t\t\t<\/div>\n\t\t\t\t<div class=\"elementor-element elementor-element-4c4927a elementor-widget elementor-widget-text-editor\" data-id=\"4c4927a\" data-element_type=\"widget\" data-e-type=\"widget\" data-widget_type=\"text-editor.default\">\n\t\t\t\t<div class=\"elementor-widget-container\">\n\t\t\t\t\t\t\t\t\t<p><strong>L<\/strong><b>OTNISKO EPPI, PI\u0141A, POLSKA<\/b><\/p>\n<p><strong>Fundacja Zabytkowe Szybowce &#8222;Vintage Gliders&#8221;<\/strong><\/p>\n<p>ul. Spadochroniarzy 3, 64-920 Pi\u0142a<\/p>\n<p><br><\/p><p>Jarek (+44) 7745 5 1165<br>Robert (+48) 8888 5 9999<\/p>\n<p>e-mail: <a href=\"mailto:biuro@vintagegliders.pl\">biuro@vintagegliders.pl<\/a><br>e-mail: <a href=\"mailto:szybowce.zabytkowe@gmail.com\">szybowce.zabytkowe@gmail.com<\/a><\/p>\t\t\t\t\t\t\t\t<\/div>\n\t\t\t\t<\/div>\n\t\t\t\t<\/div>\n\t\t\t\t\t<\/div>\n\t\t\t\t<\/div>\n\t\t<div class=\"elementor-element elementor-element-9318b12 e-flex e-con-boxed e-con e-parent\" data-id=\"9318b12\" data-element_type=\"container\" data-e-type=\"container\">\n\t\t\t\t\t<div class=\"e-con-inner\">\n\t\t\t\t\t<\/div>\n\t\t\t\t<\/div>\n\t\t\t\t<\/div>","protected":false},"excerpt":{"rendered":"<p>Dane do korespondencji: Fundacja Zabytkowe Szybowce &#8222;Vintage Gliders&#8221; ul. Morelowa 164-920 Pi\u0142aPolska NIP: 7642725412REGON: 541599475KRS: 0001170555 Rachunek bankowy Fundacji:PL 31 1090 1320 0000 0001 6239 7979 Jak do nas trafi\u0107? LOTNISKO EPPI, PI\u0141A, POLSKA Fundacja Zabytkowe Szybowce &#8222;Vintage Gliders&#8221; ul. Spadochroniarzy 3, 64-920 Pi\u0142a Jarek (+44) 7745 5 1165Robert (+48) 8888 5 9999 e-mail: biuro@vintagegliders.ple-mail: [&hellip;]<\/p>\n","protected":false},"author":1,"featured_media":0,"parent":0,"menu_order":0,"comment_status":"closed","ping_status":"closed","template":"","meta":{"_surecart_dashboard_logo_width":"180px","_surecart_dashboard_show_logo":true,"_surecart_dashboard_navigation_orders":true,"_surecart_dashboard_navigation_invoices":true,"_surecart_dashboard_navigation_subscriptions":true,"_surecart_dashboard_navigation_downloads":true,"_surecart_dashboard_navigation_billing":true,"_surecart_dashboard_navigation_account":true,"_uag_custom_page_level_css":"","site-sidebar-layout":"no-sidebar","site-content-layout":"page-builder","ast-site-content-layout":"full-width-container","site-content-style":"unboxed","site-sidebar-style":"unboxed","ast-global-header-display":"","ast-banner-title-visibility":"","ast-main-header-display":"","ast-hfb-above-header-display":"","ast-hfb-below-header-display":"","ast-hfb-mobile-header-display":"","site-post-title":"disabled","ast-breadcrumbs-content":"","ast-featured-img":"disabled","footer-sml-layout":"","ast-disable-related-posts":"","theme-transparent-header-meta":"default","adv-header-id-meta":"","stick-header-meta":"","header-above-stick-meta":"","header-main-stick-meta":"","header-below-stick-meta":"","astra-migrate-meta-layouts":"set","ast-page-background-enabled":"default","ast-page-background-meta":{"desktop":{"background-color":"","background-image":"","background-repeat":"repeat","background-position":"center center","background-size":"auto","background-attachment":"scroll","background-type":"","background-media":"","overlay-type":"","overlay-color":"","overlay-opacity":"","overlay-gradient":""},"tablet":{"background-color":"","background-image":"","background-repeat":"repeat","background-position":"center center","background-size":"auto","background-attachment":"scroll","background-type":"","background-media":"","overlay-type":"","overlay-color":"","overlay-opacity":"","overlay-gradient":""},"mobile":{"background-color":"","background-image":"","background-repeat":"repeat","background-position":"center center","background-size":"auto","background-attachment":"scroll","background-type":"","background-media":"","overlay-type":"","overlay-color":"","overlay-opacity":"","overlay-gradient":""}},"ast-content-background-meta":{"desktop":{"background-color":"var(--ast-global-color-5)","background-image":"","background-repeat":"repeat","background-position":"center center","background-size":"auto","background-attachment":"scroll","background-type":"","background-media":"","overlay-type":"","overlay-color":"","overlay-opacity":"","overlay-gradient":""},"tablet":{"background-color":"var(--ast-global-color-5)","background-image":"","background-repeat":"repeat","background-position":"center center","background-size":"auto","background-attachment":"scroll","background-type":"","background-media":"","overlay-type":"","overlay-color":"","overlay-opacity":"","overlay-gradient":""},"mobile":{"background-color":"var(--ast-global-color-5)","background-image":"","background-repeat":"repeat","background-position":"center center","background-size":"auto","background-attachment":"scroll","background-type":"","background-media":"","overlay-type":"","overlay-color":"","overlay-opacity":"","overlay-gradient":""}},"footnotes":""},"class_list":["post-273","page","type-page","status-publish","hentry"],"uagb_featured_image_src":{"full":false,"thumbnail":false,"medium":false,"medium_large":false,"large":false,"1536x1536":false,"2048x2048":false,"trp-custom-language-flag":false,"woocommerce_thumbnail":false,"woocommerce_single":false,"woocommerce_gallery_thumbnail":false},"uagb_author_info":{"display_name":"dto146","author_link":"https:\/\/vintagegliders.pl\/en\/author\/dto146\/"},"uagb_comment_info":0,"uagb_excerpt":"Dane do korespondencji: Fundacja Zabytkowe Szybowce &#8222;Vintage Gliders&#8221; ul. Morelowa 164-920 Pi\u0142aPolska NIP: 7642725412REGON: 541599475KRS: 0001170555 Rachunek bankowy Fundacji:PL 31 1090 1320 0000 0001 6239 7979 Jak do nas trafi\u0107? LOTNISKO EPPI, PI\u0141A, POLSKA Fundacja Zabytkowe Szybowce &#8222;Vintage Gliders&#8221; ul. Spadochroniarzy 3, 64-920 Pi\u0142a Jarek (+44) 7745 5 1165Robert (+48) 8888 5 9999 e-mail: biuro@vintagegliders.ple-mail:&hellip;","_links":{"self":[{"href":"https:\/\/vintagegliders.pl\/en\/wp-json\/wp\/v2\/pages\/273","targetHints":{"allow":["GET"]}}],"collection":[{"href":"https:\/\/vintagegliders.pl\/en\/wp-json\/wp\/v2\/pages"}],"about":[{"href":"https:\/\/vintagegliders.pl\/en\/wp-json\/wp\/v2\/types\/page"}],"author":[{"embeddable":true,"href":"https:\/\/vintagegliders.pl\/en\/wp-json\/wp\/v2\/users\/1"}],"replies":[{"embeddable":true,"href":"https:\/\/vintagegliders.pl\/en\/wp-json\/wp\/v2\/comments?post=273"}],"version-history":[{"count":24,"href":"https:\/\/vintagegliders.pl\/en\/wp-json\/wp\/v2\/pages\/273\/revisions"}],"predecessor-version":[{"id":456,"href":"https:\/\/vintagegliders.pl\/en\/wp-json\/wp\/v2\/pages\/273\/revisions\/456"}],"wp:attachment":[{"href":"https:\/\/vintagegliders.pl\/en\/wp-json\/wp\/v2\/media?parent=273"}],"curies":[{"name":"wp","href":"https:\/\/api.w.org\/{rel}","templated":true}]}}