{"id":639,"date":"2026-02-20T23:47:51","date_gmt":"2026-02-20T22:47:51","guid":{"rendered":"https:\/\/vintagegliders.pl\/?page_id=639"},"modified":"2026-02-23T13:26:25","modified_gmt":"2026-02-23T12:26:25","slug":"latanie-to-magia","status":"publish","type":"page","link":"https:\/\/vintagegliders.pl\/en\/latanie-to-magia\/","title":{"rendered":"Latanie szybowcem to magia"},"content":{"rendered":"<div data-elementor-type=\"wp-page\" data-elementor-id=\"639\" class=\"elementor elementor-639\">\n\t\t\t\t<div class=\"elementor-element elementor-element-cf78143 e-flex e-con-boxed e-con e-parent\" data-id=\"cf78143\" data-element_type=\"container\" data-e-type=\"container\">\n\t\t\t\t\t<div class=\"e-con-inner\">\n\t\t<div class=\"elementor-element elementor-element-d36efdb e-con-full e-flex e-con e-child\" data-id=\"d36efdb\" data-element_type=\"container\" data-e-type=\"container\">\n\t\t\t\t<div class=\"elementor-element elementor-element-f0ee23c elementor-widget elementor-widget-image\" data-id=\"f0ee23c\" data-element_type=\"widget\" data-e-type=\"widget\" data-widget_type=\"image.default\">\n\t\t\t\t<div class=\"elementor-widget-container\">\n\t\t\t\t\t\t\t\t\t\t\t\t\t\t\t<img fetchpriority=\"high\" decoding=\"async\" width=\"1024\" height=\"653\" src=\"https:\/\/vintagegliders.pl\/wp-content\/uploads\/2026\/02\/593322223_122199861374291045_1078920701955825165_n-1024x653.jpg\" class=\"attachment-large size-large wp-image-649\" alt=\"593322223 122199861374291045 1078920701955825165 n\" srcset=\"https:\/\/vintagegliders.pl\/wp-content\/uploads\/2026\/02\/593322223_122199861374291045_1078920701955825165_n-1024x653.jpg 1024w, https:\/\/vintagegliders.pl\/wp-content\/uploads\/2026\/02\/593322223_122199861374291045_1078920701955825165_n-300x191.jpg 300w, https:\/\/vintagegliders.pl\/wp-content\/uploads\/2026\/02\/593322223_122199861374291045_1078920701955825165_n-768x490.jpg 768w, https:\/\/vintagegliders.pl\/wp-content\/uploads\/2026\/02\/593322223_122199861374291045_1078920701955825165_n-1536x979.jpg 1536w, https:\/\/vintagegliders.pl\/wp-content\/uploads\/2026\/02\/593322223_122199861374291045_1078920701955825165_n-18x12.jpg 18w, https:\/\/vintagegliders.pl\/wp-content\/uploads\/2026\/02\/593322223_122199861374291045_1078920701955825165_n-600x383.jpg 600w, https:\/\/vintagegliders.pl\/wp-content\/uploads\/2026\/02\/593322223_122199861374291045_1078920701955825165_n.jpg 1600w\" sizes=\"(max-width: 1024px) 100vw, 1024px\" title=\"Latanie szybowcem to magia\">\t\t\t\t\t\t\t\t\t\t\t\t\t\t\t<\/div>\n\t\t\t\t<\/div>\n\t\t\t\t<div class=\"elementor-element elementor-element-4a0f7ef elementor-widget elementor-widget-text-editor\" data-id=\"4a0f7ef\" data-element_type=\"widget\" data-e-type=\"widget\" data-widget_type=\"text-editor.default\">\n\t\t\t\t<div class=\"elementor-widget-container\">\n\t\t\t\t\t\t\t\t\t<p>Fot.: Bartek Kot<\/p>\t\t\t\t\t\t\t\t<\/div>\n\t\t\t\t<\/div>\n\t\t\t\t<\/div>\n\t\t\t\t<div class=\"elementor-element elementor-element-867ad8e elementor-widget elementor-widget-text-editor\" data-id=\"867ad8e\" data-element_type=\"widget\" data-e-type=\"widget\" data-widget_type=\"text-editor.default\">\n\t\t\t\t<div class=\"elementor-widget-container\">\n\t\t\t\t\t\t\t\t\t<h2>Pi\u0119kno cichego latania<\/h2><p>Szybowiec to statek powietrzny pozbawiony silnika, kt\u00f3ry utrzymuje si\u0119 w powietrzu wy\u0142\u0105cznie dzi\u0119ki energii atmosfery. Zamiast mocy nap\u0119du wykorzystuje zjawiska naturalne \u2014 wznosz\u0105ce pr\u0105dy powietrza, ruch mas powietrza nad terenem oraz w\u0142asne doskona\u0142e w\u0142a\u015bciwo\u015bci aerodynamiczne. Dzi\u0119ki temu mo\u017ce pozostawa\u0107 w powietrzu przez wiele godzin, pokonuj\u0105c setki, a nawet tysi\u0105ce kilometr\u00f3w.<\/p><p>Wsp\u00f3\u0142czesne szybowce nale\u017c\u0105 do najbardziej efektywnych aerodynamicznie statk\u00f3w powietrznych, jakie kiedykolwiek zbudowano. Ich doskona\u0142o\u015b\u0107 przekracza 60:1, co oznacza, \u017ce z jednego kilometra wysoko\u015bci mog\u0105 przelecie\u0107 ponad 60 kilometr\u00f3w w poziomie. Najd\u0142u\u017csze przeloty na \u015bwiecie przekraczaj\u0105 3000 kilometr\u00f3w, a w sprzyjaj\u0105cych warunkach falowych piloci wznosz\u0105 si\u0119 na wysoko\u015bci rz\u0119du kilkunastu, a nawet ponad dwudziestu kilometr\u00f3w.<\/p><p>Aby utrzyma\u0107 si\u0119 w powietrzu, pilot wyszukuje obszary wznosz\u0105cego si\u0119 powietrza, nazywane noszeniami. W szybownictwie wykorzystuje si\u0119 przede wszystkim trzy ich rodzaje. Pierwszym s\u0105 pr\u0105dy termiczne \u2014 kolumny ciep\u0142ego powietrza unosz\u0105cego si\u0119 od nagrzanej powierzchni ziemi, cz\u0119sto oznaczone chmurami k\u0142\u0119biastymi. Drugim jest noszenie zboczowe, powstaj\u0105ce, gdy wiatr napotyka stok lub grzbiet wzniesienia i zostaje skierowany ku g\u00f3rze, umo\u017cliwiaj\u0105c d\u0142ugotrwa\u0142y lot wzd\u0142u\u017c zbocza. Trzecim zjawiskiem jest fala g\u00f3rska \u2014 pot\u0119\u017cny system wznosze\u0144 i opada\u0144 powietrza powstaj\u0105cy za du\u017cymi pasmami g\u00f3rskimi, kt\u00f3ry pozwala osi\u0105ga\u0107 ekstremalne wysoko\u015bci oraz wykonywa\u0107 bardzo d\u0142ugie przeloty.<\/p><p>Szybownictwo jest jedn\u0105 z najczystszych form latania. Wymaga zrozumienia natury, precyzyjnego planowania i pe\u0142nej koncentracji. Pilot nie polega na mocy silnika, lecz na wiedzy, do\u015bwiadczeniu i umiej\u0119tno\u015bci wsp\u00f3\u0142pracy z atmosfer\u0105.<\/p><p>To tak\u017ce dzia\u0142alno\u015b\u0107 zespo\u0142owa. Sprawne funkcjonowanie lotniska szybowcowego opiera si\u0119 na wsp\u00f3\u0142pracy pilot\u00f3w, instruktor\u00f3w, personelu technicznego i wolontariuszy. Na lotnisku spotykaj\u0105 si\u0119 ludzie w r\u00f3\u017cnym wieku i z r\u00f3\u017cnych \u015brodowisk, po\u0142\u0105czeni wsp\u00f3ln\u0105 pasj\u0105 do latania. Tworzy si\u0119 tam wyj\u0105tkowa spo\u0142eczno\u015b\u0107 oparta na zaufaniu, odpowiedzialno\u015bci i wzajemnym wsparciu.<\/p><p>Szybownictwo uczy pokory wobec natury, samodzielno\u015bci i podejmowania decyzji. Dla wielu os\u00f3b staje si\u0119 nie tylko sportem czy hobby, lecz sposobem patrzenia na \u015bwiat \u2014 spokojniejszym, bardziej \u015bwiadomym i ukierunkowanym na dzia\u0142anie.<\/p><p>To do\u015bwiadczenie, kt\u00f3re trudno por\u00f3wna\u0107 z czymkolwiek innym.<\/p>\t\t\t\t\t\t\t\t<\/div>\n\t\t\t\t<\/div>\n\t\t\t\t\t<\/div>\n\t\t\t\t<\/div>\n\t\t<div class=\"elementor-element elementor-element-2c470d0 e-flex e-con-boxed e-con e-parent\" data-id=\"2c470d0\" data-element_type=\"container\" data-e-type=\"container\">\n\t\t\t\t\t<div class=\"e-con-inner\">\n\t\t<div class=\"elementor-element elementor-element-5819ea4 e-con-full e-flex e-con e-child\" data-id=\"5819ea4\" data-element_type=\"container\" data-e-type=\"container\">\n\t\t\t\t<div class=\"elementor-element elementor-element-0c3f45a elementor-widget elementor-widget-image\" data-id=\"0c3f45a\" data-element_type=\"widget\" data-e-type=\"widget\" data-widget_type=\"image.default\">\n\t\t\t\t<div class=\"elementor-widget-container\">\n\t\t\t\t\t\t\t\t\t\t\t\t\t\t\t<img decoding=\"async\" width=\"1024\" height=\"768\" src=\"https:\/\/vintagegliders.pl\/wp-content\/uploads\/2026\/02\/PA150153-1024x768.jpg\" class=\"attachment-large size-large wp-image-715\" alt=\"olympus digital camera\" srcset=\"https:\/\/vintagegliders.pl\/wp-content\/uploads\/2026\/02\/PA150153-1024x768.jpg 1024w, https:\/\/vintagegliders.pl\/wp-content\/uploads\/2026\/02\/PA150153-300x225.jpg 300w, https:\/\/vintagegliders.pl\/wp-content\/uploads\/2026\/02\/PA150153-768x576.jpg 768w, https:\/\/vintagegliders.pl\/wp-content\/uploads\/2026\/02\/PA150153-1536x1152.jpg 1536w, https:\/\/vintagegliders.pl\/wp-content\/uploads\/2026\/02\/PA150153-2048x1536.jpg 2048w, https:\/\/vintagegliders.pl\/wp-content\/uploads\/2026\/02\/PA150153-16x12.jpg 16w, https:\/\/vintagegliders.pl\/wp-content\/uploads\/2026\/02\/PA150153-600x450.jpg 600w\" sizes=\"(max-width: 1024px) 100vw, 1024px\" title=\"Latanie szybowcem to magia\">\t\t\t\t\t\t\t\t\t\t\t\t\t\t\t<\/div>\n\t\t\t\t<\/div>\n\t\t\t\t<\/div>\n\t\t<div class=\"elementor-element elementor-element-a561f0e e-con-full e-flex e-con e-child\" data-id=\"a561f0e\" data-element_type=\"container\" data-e-type=\"container\">\n\t\t\t\t<div class=\"elementor-element elementor-element-6e267c3 elementor-widget elementor-widget-image\" data-id=\"6e267c3\" data-element_type=\"widget\" data-e-type=\"widget\" data-widget_type=\"image.default\">\n\t\t\t\t<div class=\"elementor-widget-container\">\n\t\t\t\t\t\t\t\t\t\t\t\t\t\t\t<img decoding=\"async\" width=\"1024\" height=\"768\" src=\"https:\/\/vintagegliders.pl\/wp-content\/uploads\/2026\/02\/P1060120WA-1024x768.jpg\" class=\"attachment-large size-large wp-image-716\" alt=\"olympus digital camera\" srcset=\"https:\/\/vintagegliders.pl\/wp-content\/uploads\/2026\/02\/P1060120WA-1024x768.jpg 1024w, https:\/\/vintagegliders.pl\/wp-content\/uploads\/2026\/02\/P1060120WA-300x225.jpg 300w, https:\/\/vintagegliders.pl\/wp-content\/uploads\/2026\/02\/P1060120WA-768x576.jpg 768w, https:\/\/vintagegliders.pl\/wp-content\/uploads\/2026\/02\/P1060120WA-1536x1152.jpg 1536w, https:\/\/vintagegliders.pl\/wp-content\/uploads\/2026\/02\/P1060120WA-2048x1536.jpg 2048w, https:\/\/vintagegliders.pl\/wp-content\/uploads\/2026\/02\/P1060120WA-16x12.jpg 16w, https:\/\/vintagegliders.pl\/wp-content\/uploads\/2026\/02\/P1060120WA-600x450.jpg 600w\" sizes=\"(max-width: 1024px) 100vw, 1024px\" title=\"Latanie szybowcem to magia\">\t\t\t\t\t\t\t\t\t\t\t\t\t\t\t<\/div>\n\t\t\t\t<\/div>\n\t\t\t\t<\/div>\n\t\t\t\t\t<\/div>\n\t\t\t\t<\/div>\n\t\t<div class=\"elementor-element elementor-element-a239d98 e-flex e-con-boxed e-con e-parent\" data-id=\"a239d98\" data-element_type=\"container\" data-e-type=\"container\">\n\t\t\t\t\t<div class=\"e-con-inner\">\n\t\t\t\t<div class=\"elementor-element elementor-element-4832017 elementor-widget elementor-widget-text-editor\" data-id=\"4832017\" data-element_type=\"widget\" data-e-type=\"widget\" data-widget_type=\"text-editor.default\">\n\t\t\t\t<div class=\"elementor-widget-container\">\n\t\t\t\t\t\t\t\t\t<p>Fot.: Sebastian Kawa<\/p>\t\t\t\t\t\t\t\t<\/div>\n\t\t\t\t<\/div>\n\t\t\t\t\t<\/div>\n\t\t\t\t<\/div>\n\t\t\t\t<\/div>","protected":false},"excerpt":{"rendered":"<p>Fot.: Bartek Kot Pi\u0119kno cichego latania Szybowiec to statek powietrzny pozbawiony silnika, kt\u00f3ry utrzymuje si\u0119 w powietrzu wy\u0142\u0105cznie dzi\u0119ki energii atmosfery. Zamiast mocy nap\u0119du wykorzystuje zjawiska naturalne \u2014 wznosz\u0105ce pr\u0105dy powietrza, ruch mas powietrza nad terenem oraz w\u0142asne doskona\u0142e w\u0142a\u015bciwo\u015bci aerodynamiczne. Dzi\u0119ki temu mo\u017ce pozostawa\u0107 w powietrzu przez wiele godzin, pokonuj\u0105c setki, a nawet tysi\u0105ce [&hellip;]<\/p>\n","protected":false},"author":1,"featured_media":0,"parent":0,"menu_order":0,"comment_status":"closed","ping_status":"closed","template":"","meta":{"_surecart_dashboard_logo_width":"180px","_surecart_dashboard_show_logo":true,"_surecart_dashboard_navigation_orders":true,"_surecart_dashboard_navigation_invoices":true,"_surecart_dashboard_navigation_subscriptions":true,"_surecart_dashboard_navigation_downloads":true,"_surecart_dashboard_navigation_billing":true,"_surecart_dashboard_navigation_account":true,"_uag_custom_page_level_css":"","site-sidebar-layout":"no-sidebar","site-content-layout":"page-builder","ast-site-content-layout":"full-width-container","site-content-style":"default","site-sidebar-style":"default","ast-global-header-display":"","ast-banner-title-visibility":"","ast-main-header-display":"","ast-hfb-above-header-display":"","ast-hfb-below-header-display":"","ast-hfb-mobile-header-display":"","site-post-title":"disabled","ast-breadcrumbs-content":"","ast-featured-img":"disabled","footer-sml-layout":"","ast-disable-related-posts":"","theme-transparent-header-meta":"","adv-header-id-meta":"","stick-header-meta":"","header-above-stick-meta":"","header-main-stick-meta":"","header-below-stick-meta":"","astra-migrate-meta-layouts":"set","ast-page-background-enabled":"default","ast-page-background-meta":{"desktop":{"background-color":"","background-image":"","background-repeat":"repeat","background-position":"center center","background-size":"auto","background-attachment":"scroll","background-type":"","background-media":"","overlay-type":"","overlay-color":"","overlay-opacity":"","overlay-gradient":""},"tablet":{"background-color":"","background-image":"","background-repeat":"repeat","background-position":"center center","background-size":"auto","background-attachment":"scroll","background-type":"","background-media":"","overlay-type":"","overlay-color":"","overlay-opacity":"","overlay-gradient":""},"mobile":{"background-color":"","background-image":"","background-repeat":"repeat","background-position":"center center","background-size":"auto","background-attachment":"scroll","background-type":"","background-media":"","overlay-type":"","overlay-color":"","overlay-opacity":"","overlay-gradient":""}},"ast-content-background-meta":{"desktop":{"background-color":"var(--ast-global-color-5)","background-image":"","background-repeat":"repeat","background-position":"center center","background-size":"auto","background-attachment":"scroll","background-type":"","background-media":"","overlay-type":"","overlay-color":"","overlay-opacity":"","overlay-gradient":""},"tablet":{"background-color":"var(--ast-global-color-5)","background-image":"","background-repeat":"repeat","background-position":"center center","background-size":"auto","background-attachment":"scroll","background-type":"","background-media":"","overlay-type":"","overlay-color":"","overlay-opacity":"","overlay-gradient":""},"mobile":{"background-color":"var(--ast-global-color-5)","background-image":"","background-repeat":"repeat","background-position":"center center","background-size":"auto","background-attachment":"scroll","background-type":"","background-media":"","overlay-type":"","overlay-color":"","overlay-opacity":"","overlay-gradient":""}},"footnotes":""},"class_list":["post-639","page","type-page","status-publish","hentry"],"uagb_featured_image_src":{"full":false,"thumbnail":false,"medium":false,"medium_large":false,"large":false,"1536x1536":false,"2048x2048":false,"trp-custom-language-flag":false,"woocommerce_thumbnail":false,"woocommerce_single":false,"woocommerce_gallery_thumbnail":false},"uagb_author_info":{"display_name":"dto146","author_link":"https:\/\/vintagegliders.pl\/en\/author\/dto146\/"},"uagb_comment_info":0,"uagb_excerpt":"Fot.: Bartek Kot Pi\u0119kno cichego latania Szybowiec to statek powietrzny pozbawiony silnika, kt\u00f3ry utrzymuje si\u0119 w powietrzu wy\u0142\u0105cznie dzi\u0119ki energii atmosfery. Zamiast mocy nap\u0119du wykorzystuje zjawiska naturalne \u2014 wznosz\u0105ce pr\u0105dy powietrza, ruch mas powietrza nad terenem oraz w\u0142asne doskona\u0142e w\u0142a\u015bciwo\u015bci aerodynamiczne. Dzi\u0119ki temu mo\u017ce pozostawa\u0107 w powietrzu przez wiele godzin, pokonuj\u0105c setki, a nawet tysi\u0105ce&hellip;","_links":{"self":[{"href":"https:\/\/vintagegliders.pl\/en\/wp-json\/wp\/v2\/pages\/639","targetHints":{"allow":["GET"]}}],"collection":[{"href":"https:\/\/vintagegliders.pl\/en\/wp-json\/wp\/v2\/pages"}],"about":[{"href":"https:\/\/vintagegliders.pl\/en\/wp-json\/wp\/v2\/types\/page"}],"author":[{"embeddable":true,"href":"https:\/\/vintagegliders.pl\/en\/wp-json\/wp\/v2\/users\/1"}],"replies":[{"embeddable":true,"href":"https:\/\/vintagegliders.pl\/en\/wp-json\/wp\/v2\/comments?post=639"}],"version-history":[{"count":23,"href":"https:\/\/vintagegliders.pl\/en\/wp-json\/wp\/v2\/pages\/639\/revisions"}],"predecessor-version":[{"id":725,"href":"https:\/\/vintagegliders.pl\/en\/wp-json\/wp\/v2\/pages\/639\/revisions\/725"}],"wp:attachment":[{"href":"https:\/\/vintagegliders.pl\/en\/wp-json\/wp\/v2\/media?parent=639"}],"curies":[{"name":"wp","href":"https:\/\/api.w.org\/{rel}","templated":true}]}}